{"id":25,"date":"2025-02-27T07:40:39","date_gmt":"2025-02-27T07:40:39","guid":{"rendered":"https:\/\/havuzbasikasri.com\/?page_id=25"},"modified":"2025-02-27T08:22:02","modified_gmt":"2025-02-27T08:22:02","slug":"kapasite","status":"publish","type":"page","link":"https:\/\/havuzbasikasri.com\/index.php\/kapasite\/","title":{"rendered":"Kapasite"},"content":{"rendered":"\n<h3 class=\"wp-block-heading has-vivid-green-cyan-color has-text-color has-link-color wp-elements-061106531c997727b6e94766363afbe6\">\u00d6zellikleri ve Kapasitesi<\/h3>\n\n\n\n<p>Semazen Havuzba\u015f\u0131 Kasr\u0131 \u00c7avu\u015fba\u015f\u0131, \u00e7iftlere a\u00e7\u0131k davet alan\u0131nda 1200 ki\u015filik k\u0131r d\u00fc\u011f\u00fcn\u00fc yapma imkan\u0131 sunuyor. \u00c7im alan \u00fczerindeki k\u0131r d\u00fc\u011f\u00fcn\u00fc mekan\u0131ndaki beyaz masa ve sandalyeleri, mavi tonlar\u0131ndaki s\u00fcslemeler tamaml\u0131yor. \u00c7iftlerin isteklerine \u00f6zel olarak masa ve \u015famdan dizaynlar\u0131 yap\u0131l\u0131yor. K\u0131r d\u00fc\u011f\u00fcn\u00fc alan\u0131nda havuz da bulunuyor. K\u00fc\u00e7\u00fck davetliler i\u00e7in mekanda \u00e7ocuk e\u011flence alan\u0131 yer al\u0131yor. Kapal\u0131 davet alan\u0131nda 200 ki\u015fi a\u011f\u0131rlan\u0131yor. Kolonsuz salon, y\u00fcksek tavan ve teras \u00f6zellikleriyle salonun ferahl\u0131\u011f\u0131 ve konforu artt\u0131r\u0131l\u0131yor.&nbsp;K\u0131na Gecesi ni\u015fan ve di\u011fer \u00f6zel g\u00fcnlerde tercih edebilirsiniz.<\/p>\n","protected":false},"excerpt":{"rendered":"<p>\u00d6zellikleri ve Kapasitesi Semazen Havuzba\u015f\u0131 Kasr\u0131 \u00c7avu\u015fba\u015f\u0131, \u00e7iftlere a\u00e7\u0131k davet alan\u0131nda 1200 ki\u015filik k\u0131r d\u00fc\u011f\u00fcn\u00fc yapma imkan\u0131 sunuyor. \u00c7im alan \u00fczerindeki k\u0131r d\u00fc\u011f\u00fcn\u00fc mekan\u0131ndaki beyaz masa ve sandalyeleri, mavi tonlar\u0131ndaki s\u00fcslemeler tamaml\u0131yor. \u00c7iftlerin isteklerine \u00f6zel olarak masa ve \u015famdan dizaynlar\u0131 yap\u0131l\u0131yor. K\u0131r d\u00fc\u011f\u00fcn\u00fc alan\u0131nda havuz da bulunuyor. K\u00fc\u00e7\u00fck davetliler i\u00e7in mekanda \u00e7ocuk e\u011flence alan\u0131 yer [&hellip;]<\/p>\n","protected":false},"author":1,"featured_media":0,"parent":0,"menu_order":0,"comment_status":"closed","ping_status":"closed","template":"templates\/template-page-full-width.php","meta":{"footnotes":""},"class_list":["post-25","page","type-page","status-publish","hentry"],"_links":{"self":[{"href":"https:\/\/havuzbasikasri.com\/index.php\/wp-json\/wp\/v2\/pages\/25","targetHints":{"allow":["GET"]}}],"collection":[{"href":"https:\/\/havuzbasikasri.com\/index.php\/wp-json\/wp\/v2\/pages"}],"about":[{"href":"https:\/\/havuzbasikasri.com\/index.php\/wp-json\/wp\/v2\/types\/page"}],"author":[{"embeddable":true,"href":"https:\/\/havuzbasikasri.com\/index.php\/wp-json\/wp\/v2\/users\/1"}],"replies":[{"embeddable":true,"href":"https:\/\/havuzbasikasri.com\/index.php\/wp-json\/wp\/v2\/comments?post=25"}],"version-history":[{"count":3,"href":"https:\/\/havuzbasikasri.com\/index.php\/wp-json\/wp\/v2\/pages\/25\/revisions"}],"predecessor-version":[{"id":61,"href":"https:\/\/havuzbasikasri.com\/index.php\/wp-json\/wp\/v2\/pages\/25\/revisions\/61"}],"wp:attachment":[{"href":"https:\/\/havuzbasikasri.com\/index.php\/wp-json\/wp\/v2\/media?parent=25"}],"curies":[{"name":"wp","href":"https:\/\/api.w.org\/{rel}","templated":true}]}}