{"id":26,"date":"2025-02-27T07:40:39","date_gmt":"2025-02-27T07:40:39","guid":{"rendered":"https:\/\/havuzbasikasri.com\/?page_id=26"},"modified":"2025-02-27T07:45:26","modified_gmt":"2025-02-27T07:45:26","slug":"hakkimzida","status":"publish","type":"page","link":"https:\/\/havuzbasikasri.com\/index.php\/hakkimzida\/","title":{"rendered":"Hakk\u0131m\u0131zda"},"content":{"rendered":"\n<h2 class=\"wp-block-heading\"> Semazen Havuzba\u015f\u0131 Kasr\u0131 \u00c7avu\u015fba\u015f\u0131 Hakk\u0131nda<\/h2>\n\n\n\n<p>\u0130stanbul\u2019un \u00dcmraniye il\u00e7esinde bulunan Semazen Havuzba\u015f\u0131 Kasr\u0131 \u00c7avu\u015fba\u015f\u0131, \u015fehir merkezinden uzakla\u015fmadan k\u0131r d\u00fc\u011f\u00fcn\u00fc yapmak isteyen \u00e7iftlere kap\u0131lar\u0131n\u0131 a\u00e7\u0131yor. K\u0131r d\u00fc\u011f\u00fcn\u00fc mekan\u0131nda hafta i\u00e7i yemekli davet fiyatlar\u0131 300 TL, hafta sonu 350 TL\u2019den ba\u015fl\u0131yor. Mekanda yemeksiz ve kokteyl davet se\u00e7enekleri de bulunuyor. Sundu\u011fu imkanlar ve profesyonel ekibiyle y\u0131llard\u0131r en \u00e7ok tercih edilen mekanlar aras\u0131nda yer al\u0131yor.<\/p>\n\n\n\n<h3 class=\"wp-block-heading\">\u00d6zellikleri ve Kapasitesi<\/h3>\n\n\n\n<p>Semazen Havuzba\u015f\u0131 Kasr\u0131 \u00c7avu\u015fba\u015f\u0131, \u00e7iftlere a\u00e7\u0131k davet alan\u0131nda 1200 ki\u015filik k\u0131r d\u00fc\u011f\u00fcn\u00fc yapma imkan\u0131 sunuyor. \u00c7im alan \u00fczerindeki k\u0131r d\u00fc\u011f\u00fcn\u00fc mekan\u0131ndaki beyaz masa ve sandalyeleri, mavi tonlar\u0131ndaki s\u00fcslemeler tamaml\u0131yor. \u00c7iftlerin isteklerine \u00f6zel olarak masa ve \u015famdan dizaynlar\u0131 yap\u0131l\u0131yor. K\u0131r d\u00fc\u011f\u00fcn\u00fc alan\u0131nda havuz da bulunuyor. K\u00fc\u00e7\u00fck davetliler i\u00e7in mekanda \u00e7ocuk e\u011flence alan\u0131 yer al\u0131yor. Kapal\u0131 davet alan\u0131nda 200 ki\u015fi a\u011f\u0131rlan\u0131yor. Kolonsuz salon, y\u00fcksek tavan ve teras \u00f6zellikleriyle salonun ferahl\u0131\u011f\u0131 ve konforu artt\u0131r\u0131l\u0131yor.\u00a0K\u0131na Gecesi ni\u015fan ve di\u011fer \u00f6zel g\u00fcnlerde tercih edebilirsiniz.<\/p>\n\n\n\n<h3 class=\"wp-block-heading\">Sunulan \u0130mkanlar<\/h3>\n\n\n\n<p>Semazen Havuzba\u015f\u0131, \u00e7iftlere organizasyon dan\u0131\u015fmanl\u0131\u011f\u0131 hizmeti veriyor. \u00c7iftlerin d\u00fc\u011f\u00fcn \u00f6ncesinde prova yapmas\u0131na imkan veriliyor. Misafirler hostes taraf\u0131ndan kar\u015f\u0131lan\u0131yor ve kar\u015f\u0131lama kokteyli servisi yap\u0131l\u0131yor. D\u00fc\u011f\u00fcn \u00f6ncesinde men\u00fc tad\u0131m\u0131 ve men\u00fcde de\u011fi\u015fiklik imkanlar\u0131yla enfes lezzetler sorunsuz \u015fekilde misafirlere sunuluyor. D\u00fc\u011f\u00fcn pastas\u0131, \u00e7iftlerin isteklerine uygun olarak haz\u0131rlan\u0131yor. DJ ve m\u00fczik grubu teminiyle \u00e7iftlerin en \u00f6zel g\u00fcnlerinde e\u011flencenin tad\u0131na doyum olmuyor. Dileyen \u00e7iftler i\u00e7in y\u00f6resel dans ekibi de k\u0131r d\u00fc\u011f\u00fcn\u00fc mekan\u0131nda hizmet veriyor. G\u00fc\u00e7l\u00fc sahne, ses ve \u0131\u015f\u0131k sistemleri ile d\u00fc\u011f\u00fcnde hi\u00e7bir aksakl\u0131\u011fa izin verilmiyor. Havai fi\u015fek \u015fovu ve volkan \u015fovu ile d\u00fc\u011f\u00fcn\u00fcn ambiyans\u0131 de\u011fi\u015fiyor. D\u00fc\u011f\u00fcn\u00fcn her an\u0131 mekan\u0131n profesyonel foto\u011fraf ve video \u00e7ekim ekibi ile \u00f6l\u00fcms\u00fczle\u015ftiriliyor. Drone ile \u00e7ekim yap\u0131lan mekanda foto\u011fraf ve videolar \u00f6zenle d\u00fczenlenerek \u00e7iftlere takdim ediliyor. K\u0131r d\u00fc\u011f\u00fcn\u00fc mekan\u0131nda \u015f\u0131k ve modern dizayn edilmi\u015f bir\u00e7ok foto\u011fraf \u00e7ekilme k\u00f6\u015fesi yer al\u0131yor. Ki\u015fiye \u00f6zel konseptin dikkate al\u0131nd\u0131\u011f\u0131 mekanda d\u00fc\u011f\u00fcn \u00f6ncesinde davetiye hizmeti de veriliyor. Geceyi sonland\u0131rmak istemeyen \u00e7iftler i\u00e7in after party alan\u0131 da bulunuyor. \u00c7iftler mekana d\u0131\u015far\u0131dan catering, foto\u011fraf\u00e7\u0131 ve organizasyon getirme imkan\u0131na sahip bulunuyor.<\/p>\n\n\n\n<h3 class=\"wp-block-heading\">Semazen Havuzba\u015f\u0131 Kasr\u0131 \u00c7avu\u015fba\u015f\u0131 K\u0131r D\u00fc\u011f\u00fcn\u00fc Fiyatlar\u0131<\/h3>\n\n\n\n<p>Kalabal\u0131k k\u0131r d\u00fc\u011f\u00fcn\u00fc organizasyonlar\u0131 i\u00e7in en \u00e7ok tercih edilen mekanlar aras\u0131nda yer alan mekan hafta i\u00e7i yemekli davet fiyatlar\u0131 300 TL, hafta sonu 350 TL\u2019den hizmet veriyor. K\u0131r d\u00fc\u011f\u00fcn\u00fc mekan\u0131nda yemeksiz davet vermek isteyenler i\u00e7in hafta i\u00e7i 100 TL, hafta sonu 150 TL \u00fczerinden fiyatland\u0131rma yap\u0131l\u0131yor. Kokteyl daveti tercih edenler i\u00e7in hafta i\u00e7i 150 TL, hafta sonu 200 TL\u2019den ba\u015flayan fiyatlar m\u00fc\u015fterilerin hizmetine sunuluyor. Men\u00fc i\u00e7eri\u011finde ana yemek, ara s\u0131cak, salata tatl\u0131 me\u015frubat mevcut. Mekan\u0131n g\u00fcncel fiyatlar\u0131n\u0131 \u00f6\u011frenmek i\u00e7in \u2018\u00dccretsiz Teklif Al\u2019 formunu doldurabilir ya da D\u00fc\u011f\u00fcnBuketi.com dan\u0131\u015fmanlar\u0131yla \u00fccretsiz olarak ileti\u015fime ge\u00e7ebilirsiniz.<\/p>\n\n\n\n<h3 class=\"wp-block-heading\">Nerededir? Nas\u0131l Gidilir?<\/h3>\n\n\n\n<p>\u0130stanbul\u2019un \u00dcmraniye il\u00e7esinde yer alan Semazen Havuzba\u015f\u0131 Kasr\u0131 \u00c7avu\u015fba\u015f\u0131\u2019na merkezi konumu sebebiyle ula\u015f\u0131m olduk\u00e7a kolay sa\u011flan\u0131yor. Mekan\u0131n a\u00e7\u0131k adresi \u015fu \u015fekildedir: Fatih Sultan Mehmet Mahallesi, Mehmet Akif Ersoy Caddesi,Kap\u0131 No:123, 34771 \u00dcmraniye\/\u0130stanbul.<\/p>\n","protected":false},"excerpt":{"rendered":"<p>Semazen Havuzba\u015f\u0131 Kasr\u0131 \u00c7avu\u015fba\u015f\u0131 Hakk\u0131nda \u0130stanbul\u2019un \u00dcmraniye il\u00e7esinde bulunan Semazen Havuzba\u015f\u0131 Kasr\u0131 \u00c7avu\u015fba\u015f\u0131, \u015fehir merkezinden uzakla\u015fmadan k\u0131r d\u00fc\u011f\u00fcn\u00fc yapmak isteyen \u00e7iftlere kap\u0131lar\u0131n\u0131 a\u00e7\u0131yor. K\u0131r d\u00fc\u011f\u00fcn\u00fc mekan\u0131nda hafta i\u00e7i yemekli davet fiyatlar\u0131 300 TL, hafta sonu 350 TL\u2019den ba\u015fl\u0131yor. Mekanda yemeksiz ve kokteyl davet se\u00e7enekleri de bulunuyor. Sundu\u011fu imkanlar ve profesyonel ekibiyle y\u0131llard\u0131r en \u00e7ok tercih [&hellip;]<\/p>\n","protected":false},"author":1,"featured_media":0,"parent":0,"menu_order":0,"comment_status":"closed","ping_status":"closed","template":"templates\/template-page-full-width.php","meta":{"footnotes":""},"class_list":["post-26","page","type-page","status-publish","hentry"],"_links":{"self":[{"href":"https:\/\/havuzbasikasri.com\/index.php\/wp-json\/wp\/v2\/pages\/26","targetHints":{"allow":["GET"]}}],"collection":[{"href":"https:\/\/havuzbasikasri.com\/index.php\/wp-json\/wp\/v2\/pages"}],"about":[{"href":"https:\/\/havuzbasikasri.com\/index.php\/wp-json\/wp\/v2\/types\/page"}],"author":[{"embeddable":true,"href":"https:\/\/havuzbasikasri.com\/index.php\/wp-json\/wp\/v2\/users\/1"}],"replies":[{"embeddable":true,"href":"https:\/\/havuzbasikasri.com\/index.php\/wp-json\/wp\/v2\/comments?post=26"}],"version-history":[{"count":4,"href":"https:\/\/havuzbasikasri.com\/index.php\/wp-json\/wp\/v2\/pages\/26\/revisions"}],"predecessor-version":[{"id":58,"href":"https:\/\/havuzbasikasri.com\/index.php\/wp-json\/wp\/v2\/pages\/26\/revisions\/58"}],"wp:attachment":[{"href":"https:\/\/havuzbasikasri.com\/index.php\/wp-json\/wp\/v2\/media?parent=26"}],"curies":[{"name":"wp","href":"https:\/\/api.w.org\/{rel}","templated":true}]}}